{"id":2614,"date":"2021-08-06T10:30:00","date_gmt":"2021-08-06T08:30:00","guid":{"rendered":"https:\/\/www.igenium.cat\/?page_id=2339"},"modified":"2021-09-28T19:11:27","modified_gmt":"2021-09-28T19:11:27","slug":"programa-igenium21","status":"publish","type":"page","link":"https:\/\/www.igenium.cat\/es\/programa-igenium21\/","title":{"rendered":"Programa iGenium\u201921"},"content":{"rendered":"<p>Jueves 14 Octubre &#8211; 18:30-20:30<\/p>\n<ul>\n<li>Conferencia Inaugural<\/li>\n<li>Renfe (a confirmar)<\/li>\n<li><strong>\u00bfPor qu\u00e9 las entidades aseguradores son claves en la lucha por el cambio clim\u00e1tico?<\/strong>. \u00d2scar S\u00e1nchez Saiz &#8211; Director Comercial y de Ahorro. Grupo la M\u00fatua de los Ingenieros.<\/li>\n<\/ul>\n<p>Jueves 21 Octubre\u00a0 &#8211; 18:30-20:30<\/p>\n<ul>\n<li><strong>La mejora de la calidad del aire a trav\u00e9s de la electrificaci\u00f3n de los muelles en el Port de Barcelona<\/strong>. Ana Ar\u00e9valo &#8211; Ingeniera Naval. Energy Transition Manager. Port de Barcelona.<\/li>\n<li><strong>REST-COAST<\/strong>.Agustin Sanchez Arcilla, Catedr\u00e1tico del Dep. Ingenier\u00eda Hidr\u00e1ulica, Mar\u00edtima y Ambiental, Universidad Polit\u00e9cnica de Catalunya UPC),<\/li>\n<li>Caixa Enginyers<\/li>\n<\/ul>\n<p>Jueves 28 Octubre &#8211; 18:30-20:30<\/p>\n<ul>\n<li><strong>\u00abZero Emissions Rural Site\u201d<\/strong>. Ra\u00fal Gonz\u00e1lez Prats. Senior Product Manager. Responsable del Mobility Lab. Cellnex.<\/li>\n<li><strong>Flexibilidad de la biomasa en el equilibri del sistema el\u00e9ctrico renovable<\/strong>. Joan Vil\u00e0 . Ingeniero Industrial. LC Papers.<\/li>\n<li><strong>AGRICULTURA i CO2: El papel de la AGRICULTURA en una Catalunya neutra en emisiones de CO2<\/strong>. Ver\u00f2nica Kuchinow presidenta de la Comisi\u00f3n de Energ\u00eda y Residuos del COEAC.<\/li>\n<\/ul>\n<p><\/p>","protected":false},"excerpt":{"rendered":"<p>Jueves 14 Octubre &#8211; 18:30-20:30 Conferencia Inaugural Renfe (a confirmar) \u00bfPor qu\u00e9 las entidades aseguradores son claves en la lucha por el cambio clim\u00e1tico?. \u00d2scar S\u00e1nchez Saiz &#8211; Director Comercial y de Ahorro. Grupo la M\u00fatua de los Ingenieros. Jueves 21 Octubre\u00a0 &#8211; 18:30-20:30 La mejora de la calidad del aire a trav\u00e9s de la [&hellip;]<\/p>\n","protected":false},"author":1,"featured_media":0,"parent":0,"menu_order":0,"comment_status":"closed","ping_status":"closed","template":"","meta":{"footnotes":""},"class_list":["post-2614","page","type-page","status-publish","hentry"],"yoast_head":"<!-- This site is optimized with the Yoast SEO plugin v27.4 - https:\/\/yoast.com\/product\/yoast-seo-wordpress\/ -->\n<title>Programa iGenium\u201921 - iGenium<\/title>\n<meta name=\"robots\" content=\"index, follow, max-snippet:-1, max-image-preview:large, max-video-preview:-1\" \/>\n<link rel=\"canonical\" href=\"https:\/\/www.igenium.cat\/es\/programa-igenium21\/\" \/>\n<meta property=\"og:locale\" content=\"es_ES\" \/>\n<meta property=\"og:type\" content=\"article\" \/>\n<meta property=\"og:title\" content=\"Programa iGenium\u201921 - iGenium\" \/>\n<meta property=\"og:description\" content=\"Jueves 14 Octubre &#8211; 18:30-20:30 Conferencia Inaugural Renfe (a confirmar) \u00bfPor qu\u00e9 las entidades aseguradores son claves en la lucha por el cambio clim\u00e1tico?. \u00d2scar S\u00e1nchez Saiz &#8211; Director Comercial y de Ahorro. Grupo la M\u00fatua de los Ingenieros. Jueves 21 Octubre\u00a0 &#8211; 18:30-20:30 La mejora de la calidad del aire a trav\u00e9s de la [&hellip;]\" \/>\n<meta property=\"og:url\" content=\"https:\/\/www.igenium.cat\/programa-igenium21\/\" \/>\n<meta property=\"og:site_name\" content=\"iGenium\" \/>\n<meta property=\"article:publisher\" content=\"http:\/\/www.facebook.com\/igenium\" \/>\n<meta property=\"article:modified_time\" content=\"2021-09-28T19:11:27+00:00\" \/>\n<meta name=\"twitter:card\" content=\"summary_large_image\" \/>\n<meta name=\"twitter:site\" content=\"@igenium2020\" \/>\n<meta name=\"twitter:label1\" content=\"Tiempo de lectura\" \/>\n\t<meta name=\"twitter:data1\" content=\"2 minutos\" \/>\n<script type=\"application\/ld+json\" class=\"yoast-schema-graph\">{\"@context\":\"https:\\\/\\\/schema.org\",\"@graph\":[{\"@type\":\"WebPage\",\"@id\":\"https:\\\/\\\/www.igenium.cat\\\/programa-igenium21\\\/\",\"url\":\"https:\\\/\\\/www.igenium.cat\\\/programa-igenium21\\\/\",\"name\":\"Programa iGenium\u201921 - iGenium\",\"isPartOf\":{\"@id\":\"https:\\\/\\\/www.igenium.cat\\\/#website\"},\"datePublished\":\"2021-08-06T08:30:00+00:00\",\"dateModified\":\"2021-09-28T19:11:27+00:00\",\"breadcrumb\":{\"@id\":\"https:\\\/\\\/www.igenium.cat\\\/programa-igenium21\\\/#breadcrumb\"},\"inLanguage\":\"es\",\"potentialAction\":[{\"@type\":\"ReadAction\",\"target\":[\"https:\\\/\\\/www.igenium.cat\\\/programa-igenium21\\\/\"]}]},{\"@type\":\"BreadcrumbList\",\"@id\":\"https:\\\/\\\/www.igenium.cat\\\/programa-igenium21\\\/#breadcrumb\",\"itemListElement\":[{\"@type\":\"ListItem\",\"position\":1,\"name\":\"Portada\",\"item\":\"https:\\\/\\\/www.igenium.cat\\\/\"},{\"@type\":\"ListItem\",\"position\":2,\"name\":\"Programa iGenium\u201921\"}]},{\"@type\":\"WebSite\",\"@id\":\"https:\\\/\\\/www.igenium.cat\\\/#website\",\"url\":\"https:\\\/\\\/www.igenium.cat\\\/\",\"name\":\"iGenium - Enginyeria a Catalunya\",\"description\":\"Ingenier\u00eda en Catalunya\",\"publisher\":{\"@id\":\"https:\\\/\\\/www.igenium.cat\\\/#organization\"},\"potentialAction\":[{\"@type\":\"SearchAction\",\"target\":{\"@type\":\"EntryPoint\",\"urlTemplate\":\"https:\\\/\\\/www.igenium.cat\\\/?s={search_term_string}\"},\"query-input\":{\"@type\":\"PropertyValueSpecification\",\"valueRequired\":true,\"valueName\":\"search_term_string\"}}],\"inLanguage\":\"es\"},{\"@type\":\"Organization\",\"@id\":\"https:\\\/\\\/www.igenium.cat\\\/#organization\",\"name\":\"INEC - IGENIUM\",\"url\":\"https:\\\/\\\/www.igenium.cat\\\/\",\"logo\":{\"@type\":\"ImageObject\",\"inLanguage\":\"es\",\"@id\":\"https:\\\/\\\/www.igenium.cat\\\/#\\\/schema\\\/logo\\\/image\\\/\",\"url\":\"https:\\\/\\\/www.igenium.cat\\\/wp-content\\\/uploads\\\/2021\\\/10\\\/logo-inec-3b.png\",\"contentUrl\":\"https:\\\/\\\/www.igenium.cat\\\/wp-content\\\/uploads\\\/2021\\\/10\\\/logo-inec-3b.png\",\"width\":1310,\"height\":1310,\"caption\":\"INEC - IGENIUM\"},\"image\":{\"@id\":\"https:\\\/\\\/www.igenium.cat\\\/#\\\/schema\\\/logo\\\/image\\\/\"},\"sameAs\":[\"http:\\\/\\\/www.facebook.com\\\/igenium\",\"https:\\\/\\\/x.com\\\/igenium2020\",\"https:\\\/\\\/www.instagram.com\\\/inec_igenium\\\/\",\"https:\\\/\\\/www.linkedin.com\\\/in\\\/inec\\\/\",\"http:\\\/\\\/www.youtube.com\\\/channel\\\/UClOfLzJjdZm6bWG8pWZRMig\"]}]}<\/script>\n<!-- \/ Yoast SEO plugin. -->","yoast_head_json":{"title":"Programa iGenium\u201921 - iGenium","robots":{"index":"index","follow":"follow","max-snippet":"max-snippet:-1","max-image-preview":"max-image-preview:large","max-video-preview":"max-video-preview:-1"},"canonical":"https:\/\/www.igenium.cat\/es\/programa-igenium21\/","og_locale":"es_ES","og_type":"article","og_title":"Programa iGenium\u201921 - iGenium","og_description":"Jueves 14 Octubre &#8211; 18:30-20:30 Conferencia Inaugural Renfe (a confirmar) \u00bfPor qu\u00e9 las entidades aseguradores son claves en la lucha por el cambio clim\u00e1tico?. \u00d2scar S\u00e1nchez Saiz &#8211; Director Comercial y de Ahorro. Grupo la M\u00fatua de los Ingenieros. Jueves 21 Octubre\u00a0 &#8211; 18:30-20:30 La mejora de la calidad del aire a trav\u00e9s de la [&hellip;]","og_url":"https:\/\/www.igenium.cat\/programa-igenium21\/","og_site_name":"iGenium","article_publisher":"http:\/\/www.facebook.com\/igenium","article_modified_time":"2021-09-28T19:11:27+00:00","twitter_card":"summary_large_image","twitter_site":"@igenium2020","twitter_misc":{"Tiempo de lectura":"2 minutos"},"schema":{"@context":"https:\/\/schema.org","@graph":[{"@type":"WebPage","@id":"https:\/\/www.igenium.cat\/programa-igenium21\/","url":"https:\/\/www.igenium.cat\/programa-igenium21\/","name":"Programa iGenium\u201921 - iGenium","isPartOf":{"@id":"https:\/\/www.igenium.cat\/#website"},"datePublished":"2021-08-06T08:30:00+00:00","dateModified":"2021-09-28T19:11:27+00:00","breadcrumb":{"@id":"https:\/\/www.igenium.cat\/programa-igenium21\/#breadcrumb"},"inLanguage":"es","potentialAction":[{"@type":"ReadAction","target":["https:\/\/www.igenium.cat\/programa-igenium21\/"]}]},{"@type":"BreadcrumbList","@id":"https:\/\/www.igenium.cat\/programa-igenium21\/#breadcrumb","itemListElement":[{"@type":"ListItem","position":1,"name":"Portada","item":"https:\/\/www.igenium.cat\/"},{"@type":"ListItem","position":2,"name":"Programa iGenium\u201921"}]},{"@type":"WebSite","@id":"https:\/\/www.igenium.cat\/#website","url":"https:\/\/www.igenium.cat\/","name":"iGenium - Enginyeria a Catalunya","description":"Ingenier\u00eda en Catalunya","publisher":{"@id":"https:\/\/www.igenium.cat\/#organization"},"potentialAction":[{"@type":"SearchAction","target":{"@type":"EntryPoint","urlTemplate":"https:\/\/www.igenium.cat\/?s={search_term_string}"},"query-input":{"@type":"PropertyValueSpecification","valueRequired":true,"valueName":"search_term_string"}}],"inLanguage":"es"},{"@type":"Organization","@id":"https:\/\/www.igenium.cat\/#organization","name":"INEC - IGENIUM","url":"https:\/\/www.igenium.cat\/","logo":{"@type":"ImageObject","inLanguage":"es","@id":"https:\/\/www.igenium.cat\/#\/schema\/logo\/image\/","url":"https:\/\/www.igenium.cat\/wp-content\/uploads\/2021\/10\/logo-inec-3b.png","contentUrl":"https:\/\/www.igenium.cat\/wp-content\/uploads\/2021\/10\/logo-inec-3b.png","width":1310,"height":1310,"caption":"INEC - IGENIUM"},"image":{"@id":"https:\/\/www.igenium.cat\/#\/schema\/logo\/image\/"},"sameAs":["http:\/\/www.facebook.com\/igenium","https:\/\/x.com\/igenium2020","https:\/\/www.instagram.com\/inec_igenium\/","https:\/\/www.linkedin.com\/in\/inec\/","http:\/\/www.youtube.com\/channel\/UClOfLzJjdZm6bWG8pWZRMig"]}]}},"_links":{"self":[{"href":"https:\/\/www.igenium.cat\/es\/wp-json\/wp\/v2\/pages\/2614","targetHints":{"allow":["GET"]}}],"collection":[{"href":"https:\/\/www.igenium.cat\/es\/wp-json\/wp\/v2\/pages"}],"about":[{"href":"https:\/\/www.igenium.cat\/es\/wp-json\/wp\/v2\/types\/page"}],"author":[{"embeddable":true,"href":"https:\/\/www.igenium.cat\/es\/wp-json\/wp\/v2\/users\/1"}],"replies":[{"embeddable":true,"href":"https:\/\/www.igenium.cat\/es\/wp-json\/wp\/v2\/comments?post=2614"}],"version-history":[{"count":0,"href":"https:\/\/www.igenium.cat\/es\/wp-json\/wp\/v2\/pages\/2614\/revisions"}],"wp:attachment":[{"href":"https:\/\/www.igenium.cat\/es\/wp-json\/wp\/v2\/media?parent=2614"}],"curies":[{"name":"wp","href":"https:\/\/api.w.org\/{rel}","templated":true}]}}